{"id":36,"date":"2011-01-14T16:31:26","date_gmt":"2011-01-14T14:31:26","guid":{"rendered":"http:\/\/da.bsa.edu.lv\/?page_id=36"},"modified":"2025-04-23T17:31:58","modified_gmt":"2025-04-23T17:31:58","slug":"%d0%b0%d0%b1%d0%b8%d1%82%d1%83%d1%80%d0%b8%d0%b5%d0%bd%d1%82%d0%b0%d0%bc","status":"publish","type":"page","link":"https:\/\/da.bsa.edu.lv\/?page_id=36","title":{"rendered":"Abiturientiem"},"content":{"rendered":"<div style=\"border: 3px solid; border-color: red; padding: 10px; margin-bottom: 10px;\">\n<p style=\"text-align: center;\"><span style=\"font-size: 14pt;\"><strong>Studentu uz\u0146em\u0161ana studiju virzienu \u201cPsiholo\u0123ija\u201d un \u201cTies\u012bbu zin\u0101tne\u201d programm\u0101s nenotiek. <\/strong><\/span><\/p>\n<\/div>\n<p><!--:lv--><ul><li><a href=\"https:\/\/da.bsa.edu.lv\/?page_id=2797\">Apm\u0101c\u012bbas programmas<\/a><\/li>\n<li><a href=\"https:\/\/da.bsa.edu.lv\/?page_id=3328\">UZ\u0145EM\u0160ANAS K\u0100RT\u012aBA<\/a><\/li>\n<li><a href=\"https:\/\/da.bsa.edu.lv\/?page_id=47\">Uz\u0146em\u0161anas komisija<\/a><\/li>\n<\/ul><\/p>\n<p style=\"text-align: right;\"><!--:--><\/p>\n","protected":false},"excerpt":{"rendered":"<p>Studentu uz\u0146em\u0161ana studiju virzienu \u201cPsiholo\u0123ija\u201d un \u201cTies\u012bbu zin\u0101tne\u201d programm\u0101s nenotiek. <a href=\"https:\/\/da.bsa.edu.lv\/?page_id=36\">Continue reading <span class=\"meta-nav\">&rarr;<\/span><\/a><\/p>\n","protected":false},"author":2,"featured_media":0,"parent":0,"menu_order":10,"comment_status":"closed","ping_status":"open","template":"","meta":{"footnotes":""},"class_list":["post-36","page","type-page","status-publish","hentry"],"_links":{"self":[{"href":"https:\/\/da.bsa.edu.lv\/index.php?rest_route=\/wp\/v2\/pages\/36","targetHints":{"allow":["GET"]}}],"collection":[{"href":"https:\/\/da.bsa.edu.lv\/index.php?rest_route=\/wp\/v2\/pages"}],"about":[{"href":"https:\/\/da.bsa.edu.lv\/index.php?rest_route=\/wp\/v2\/types\/page"}],"author":[{"embeddable":true,"href":"https:\/\/da.bsa.edu.lv\/index.php?rest_route=\/wp\/v2\/users\/2"}],"replies":[{"embeddable":true,"href":"https:\/\/da.bsa.edu.lv\/index.php?rest_route=%2Fwp%2Fv2%2Fcomments&post=36"}],"version-history":[{"count":3,"href":"https:\/\/da.bsa.edu.lv\/index.php?rest_route=\/wp\/v2\/pages\/36\/revisions"}],"predecessor-version":[{"id":5481,"href":"https:\/\/da.bsa.edu.lv\/index.php?rest_route=\/wp\/v2\/pages\/36\/revisions\/5481"}],"wp:attachment":[{"href":"https:\/\/da.bsa.edu.lv\/index.php?rest_route=%2Fwp%2Fv2%2Fmedia&parent=36"}],"curies":[{"name":"wp","href":"https:\/\/api.w.org\/{rel}","templated":true}]}}