{"id":3328,"date":"2017-07-13T07:30:16","date_gmt":"2017-07-13T04:30:16","guid":{"rendered":"http:\/\/da.bsa.edu.lv\/?page_id=3328"},"modified":"2025-04-23T17:33:07","modified_gmt":"2025-04-23T17:33:07","slug":"studiju-maksa-2","status":"publish","type":"page","link":"https:\/\/da.bsa.edu.lv\/?page_id=3328","title":{"rendered":"UZ\u0145EM\u0160ANAS K\u0100RT\u012aBA"},"content":{"rendered":"<div style=\"border: 3px solid; border-color: red; padding: 10px; margin-bottom: 10px;\">\n<p style=\"text-align: center;\"><span style=\"font-size: 14pt;\"><strong>Studentu uz\u0146em\u0161ana studiju virzienu \u201cPsiholo\u0123ija\u201d un \u201cTies\u012bbu zin\u0101tne\u201d programm\u0101s nenotiek. <\/strong><\/span><\/p>\n<\/div>\n<ul>\n<li><a href=\"https:\/\/bsa.edu.lv\/index.php\/lv\/uznemsana\/e-pieteikums-studijam.html\"><b>E-PIETEIKUMS STUDIJ\u0100M<\/b><\/a><\/li>\n<li><a href=\" https:\/\/bsa.edu.lv\/index.php\/lv\/uznem-sana\/uznemsanas-kartiba.html\"><b>UZ\u0145EM\u0160ANAS K\u0100RT\u012aBA<\/b><\/a><\/li>\n<li><a href=\"https:\/\/bsa.edu.lv\/index.php\/lv\/uznem-sana\/noteikumi-un-pazinojumi.html\"><b>NOTEIKUMI UN PAZI\u0145OJUMI<\/b><\/a><\/li>\n<li><a href=\"https:\/\/bsa.edu.lv\/index.php\/lv\/uznem-sana\/nepieciesamie-dokumenti.html\"><b>NEPIECIE\u0160AMIE DOKUMENTI<\/b><\/a><\/li>\n<li><a href=\"https:\/\/bsa.edu.lv\/index.php\/lv\/studiju-maksa.html\"><b>STUDIJU MAKSA<\/b><\/a><\/li>\n<li><a href=\"https:\/\/bsa.edu.lv\/index.php\/lv\/uznem-sana\/prasibas-anglu-valodai.html\"><b>PRAS\u012aBAS ANG\u013bU VALODA<\/b>I<\/a><\/li>\n<\/ul>\n<p><!--:--><\/p>\n<div class=\"entry-content\">\n<figure class=\"wp-block-image is-resized\">\n<p><img loading=\"lazy\" decoding=\"async\" class=\"alignnone wp-image-4554 size-large\" src=\"https:\/\/da2.bsa.edu.lv\/wp-content\/uploads\/BSA-GFK_2020-1024x511.jpg\" alt=\"\" width=\"640\" height=\"319\" srcset=\"https:\/\/da.bsa.edu.lv\/wp-content\/uploads\/BSA-GFK_2020-1024x511.jpg 1024w, https:\/\/da.bsa.edu.lv\/wp-content\/uploads\/BSA-GFK_2020-300x150.jpg 300w, https:\/\/da.bsa.edu.lv\/wp-content\/uploads\/BSA-GFK_2020-768x384.jpg 768w, https:\/\/da.bsa.edu.lv\/wp-content\/uploads\/BSA-GFK_2020-1536x767.jpg 1536w, https:\/\/da.bsa.edu.lv\/wp-content\/uploads\/BSA-GFK_2020-2048x1023.jpg 2048w, https:\/\/da.bsa.edu.lv\/wp-content\/uploads\/BSA-GFK_2020-1568x783.jpg 1568w\" sizes=\"auto, (max-width: 640px) 100vw, 640px\" \/><\/p>\n<\/figure>\n<\/div>\n<p><!-- .entry-content --><\/p>\n\n","protected":false},"excerpt":{"rendered":"<p>Studentu uz\u0146em\u0161ana studiju virzienu \u201cPsiholo\u0123ija\u201d un \u201cTies\u012bbu zin\u0101tne\u201d programm\u0101s nenotiek. E-PIETEIKUMS STUDIJ\u0100M UZ\u0145EM\u0160ANAS K\u0100RT\u012aBA NOTEIKUMI UN PAZI\u0145OJUMI NEPIECIE\u0160AMIE DOKUMENTI STUDIJU MAKSA PRAS\u012aBAS ANG\u013bU VALODAI <a href=\"https:\/\/da.bsa.edu.lv\/?page_id=3328\">Continue reading <span class=\"meta-nav\">&rarr;<\/span><\/a><\/p>\n","protected":false},"author":2,"featured_media":0,"parent":36,"menu_order":0,"comment_status":"closed","ping_status":"open","template":"","meta":{"footnotes":""},"class_list":["post-3328","page","type-page","status-publish","hentry"],"_links":{"self":[{"href":"https:\/\/da.bsa.edu.lv\/index.php?rest_route=\/wp\/v2\/pages\/3328","targetHints":{"allow":["GET"]}}],"collection":[{"href":"https:\/\/da.bsa.edu.lv\/index.php?rest_route=\/wp\/v2\/pages"}],"about":[{"href":"https:\/\/da.bsa.edu.lv\/index.php?rest_route=\/wp\/v2\/types\/page"}],"author":[{"embeddable":true,"href":"https:\/\/da.bsa.edu.lv\/index.php?rest_route=\/wp\/v2\/users\/2"}],"replies":[{"embeddable":true,"href":"https:\/\/da.bsa.edu.lv\/index.php?rest_route=%2Fwp%2Fv2%2Fcomments&post=3328"}],"version-history":[{"count":6,"href":"https:\/\/da.bsa.edu.lv\/index.php?rest_route=\/wp\/v2\/pages\/3328\/revisions"}],"predecessor-version":[{"id":5483,"href":"https:\/\/da.bsa.edu.lv\/index.php?rest_route=\/wp\/v2\/pages\/3328\/revisions\/5483"}],"up":[{"embeddable":true,"href":"https:\/\/da.bsa.edu.lv\/index.php?rest_route=\/wp\/v2\/pages\/36"}],"wp:attachment":[{"href":"https:\/\/da.bsa.edu.lv\/index.php?rest_route=%2Fwp%2Fv2%2Fmedia&parent=3328"}],"curies":[{"name":"wp","href":"https:\/\/api.w.org\/{rel}","templated":true}]}}