{"id":2797,"date":"2014-07-05T09:26:00","date_gmt":"2014-07-05T06:26:00","guid":{"rendered":"http:\/\/da.bsa.edu.lv\/?page_id=2797"},"modified":"2025-04-23T17:32:40","modified_gmt":"2025-04-23T17:32:40","slug":"apmacibas-programmas-2","status":"publish","type":"page","link":"https:\/\/da.bsa.edu.lv\/?page_id=2797","title":{"rendered":"Apm\u0101c\u012bbas programmas"},"content":{"rendered":"<p class=\"x_MsoNormal\"><b>Apm\u0101c\u012bbas programmas<\/b><\/p>\n<div style=\"border: 3px solid; border-color: red; padding: 10px; margin-bottom: 10px;\">\n<p style=\"text-align: center;\"><span style=\"font-size: 14pt;\"><strong>Studentu uz\u0146em\u0161ana studiju virzienu \u201cPsiholo\u0123ija\u201d un \u201cTies\u012bbu zin\u0101tne\u201d programm\u0101s nenotiek. <\/strong><\/span><\/p>\n<\/div>\n<p><strong>\u012aS\u0100 CIKLA AUGST\u0100K\u0100S PROFESION\u0100LAS IZGL\u012aT\u012aBAS STUDIJU PROGRAMMAS<\/strong><\/p>\n<ul>\n<li>Ties\u012bbu zin\u0101tne &#8211; <a href=\"https:\/\/bsa.edu.lv\/index.php\/lv\/component\/content\/article\/19-ties-bu-zinatne.html?catid=22:1-limena-augstakas-profesionalas-izglitibas-studiju-programmas&amp;Itemid=133\">1-limena-augstakas-profesionalas-izglitibas-studiju-programmas<\/a><\/li>\n<li>Gr\u0101matved\u012bbas un finan\u0161u koled\u017ea &#8211; <a href=\"https:\/\/www.koledza.lv\/index.php\/lv\/uznemsana\" target=\"_blank\" rel=\"noopener noreferrer\" data-auth=\"NotApplicable\">https:\/\/www.koledza.lv\/index.php\/lv\/uznemsana<\/a><\/li>\n<\/ul>\n<p><!--\n \t\n\n<li>Programma \u201cSoci\u0101l\u0101s pal\u012bdz\u012bbas organizators\u201d - <a href=\"https:\/\/bsa.edu.lv\/courses\/socialas-palidzibas-organizators\/\" target=\"_blank\" rel=\"noopener noreferrer\" data-auth=\"NotApplicable\">https:\/\/bsa.edu.lv\/courses\/socialas-palidzibas-organizators<\/a><\/li>\n\n\n--><\/p>\n<p class=\"x_MsoNormal\"><b>BAKALAURA STUDIJU PROGRAMMAS<\/b><\/p>\n<ul>\n<li>Ties\u012bbu zin\u0101tne &#8211; <a href=\"https:\/\/bsa.edu.lv\/index.php\/lv\/bakalaura-studiju-programmas\/tiesibu-zinatne.html\">https:\/\/bsa.edu.lv\/index.php\/lv\/bakalaura-studiju-programmas\/tiesibu-zinatne.html<\/a><\/li>\n<li>Finan\u0161u vad\u012bba &#8211;<a href=\"https:\/\/bsa.edu.lv\/index.php\/lv\/bakalaura-studiju-programmas\/finansu-vadiba.html\"> https:\/\/bsa.edu.lv\/index.php\/lv\/bakalaura-studiju-programmas\/finansu-vadiba.html<\/a><\/li>\n<li>Uz\u0146\u0113m\u0113jdarb\u012bba &#8211; <a href=\"https:\/\/bsa.edu.lv\/index.php\/lv\/bakalaura-studiju-programmas\/uznemejdarbibas-vadiba.html\">https:\/\/bsa.edu.lv\/index.php\/lv\/bakalaura-studiju-programmas\/uznemejdarbibas-vadiba.html<\/a><i><\/i><\/li>\n<\/ul>\n<p><!--\n \t\n\n<li>Psiholo\u0123ija - <a href=\"https:\/\/bsa.edu.lv\/index.php\/lv\/bakalaura-studiju-programmas\/psihologija.html\">https:\/\/bsa.edu.lv\/index.php\/lv\/bakalaura-studiju-programmas\/psihologija.html<\/a><\/li>\n\n\n \t\n\n<li>Soci\u0101lais darbs - <a href=\"https:\/\/bsa.edu.lv\/index.php\/lv\/bakalaura-studiju-programmas\/socialais-darbs.html\">https:\/\/bsa.edu.lv\/index.php\/lv\/bakalaura-studiju-programmas\/socialais-darbs.html<\/a><\/li>\n\n\n--><\/p>\n<p class=\"x_MsoNormal\"><b>MA\u0122ISTRA STUDIJU PROGRAMMAS<\/b><\/p>\n<ul>\n<li>Uz\u0146\u0113m\u0113jdarb\u012bbas vad\u012bba un administr\u0113\u0161ana &#8211;<a href=\"https:\/\/bsa.edu.lv\/index.php\/lv\/magistra-studiju-programmas\/uznemejdarbibas-vadiba-un-administresana.html\"> https:\/\/bsa.edu.lv\/index.php\/lv\/magistra-studiju-programmas\/uznemejdarbibas-vadiba-un-administresana.html<\/a><i><\/i><\/li>\n<li>Ties\u012bbu zin\u0101tne &#8211; <a href=\"https:\/\/bsa.edu.lv\/index.php\/lv\/magistra-studiju-programmas\/tiesibu-zinatne-akademiska.html\">https:\/\/bsa.edu.lv\/index.php\/lv\/magistra-studiju-programmas\/tiesibu-zinatne-akademiska.html<\/a><\/li>\n<\/ul>\n<div class=\"entry-content\">\n<figure class=\"wp-block-image is-resized\"><img loading=\"lazy\" decoding=\"async\" class=\"alignnone wp-image-4554 size-large\" src=\"https:\/\/da2.bsa.edu.lv\/wp-content\/uploads\/BSA-GFK_2020-1024x511.jpg\" alt=\"\" width=\"640\" height=\"319\" srcset=\"https:\/\/da.bsa.edu.lv\/wp-content\/uploads\/BSA-GFK_2020-1024x511.jpg 1024w, https:\/\/da.bsa.edu.lv\/wp-content\/uploads\/BSA-GFK_2020-300x150.jpg 300w, https:\/\/da.bsa.edu.lv\/wp-content\/uploads\/BSA-GFK_2020-768x384.jpg 768w, https:\/\/da.bsa.edu.lv\/wp-content\/uploads\/BSA-GFK_2020-1536x767.jpg 1536w, https:\/\/da.bsa.edu.lv\/wp-content\/uploads\/BSA-GFK_2020-2048x1023.jpg 2048w, https:\/\/da.bsa.edu.lv\/wp-content\/uploads\/BSA-GFK_2020-1568x783.jpg 1568w\" sizes=\"auto, (max-width: 640px) 100vw, 640px\" \/><\/figure>\n<\/div>\n<p><!--\n \t\n\n<li>Soci\u0101lais darbs - <a href=\"https:\/\/bsa.edu.lv\/index.php\/lv\/magistra-studiju-programmas\/socialais-darbs.html\">https:\/\/bsa.edu.lv\/index.php\/lv\/magistra-studiju-programmas\/socialais-darbs.html<\/a><i><\/i><\/li>\n\n\n--><!-- .entry-content --><\/p>\n","protected":false},"excerpt":{"rendered":"<p>Apm\u0101c\u012bbas programmas Studentu uz\u0146em\u0161ana studiju virzienu \u201cPsiholo\u0123ija\u201d un \u201cTies\u012bbu zin\u0101tne\u201d programm\u0101s nenotiek. \u012aS\u0100 CIKLA AUGST\u0100K\u0100S PROFESION\u0100LAS IZGL\u012aT\u012aBAS STUDIJU PROGRAMMAS Ties\u012bbu zin\u0101tne &#8211; 1-limena-augstakas-profesionalas-izglitibas-studiju-programmas Gr\u0101matved\u012bbas un finan\u0161u koled\u017ea &#8211; https:\/\/www.koledza.lv\/index.php\/lv\/uznemsana BAKALAURA STUDIJU PROGRAMMAS Ties\u012bbu zin\u0101tne &#8211; https:\/\/bsa.edu.lv\/index.php\/lv\/bakalaura-studiju-programmas\/tiesibu-zinatne.html Finan\u0161u vad\u012bba &#8211; https:\/\/bsa.edu.lv\/index.php\/lv\/bakalaura-studiju-programmas\/finansu-vadiba.html &hellip; <a href=\"https:\/\/da.bsa.edu.lv\/?page_id=2797\">Continue reading <span class=\"meta-nav\">&rarr;<\/span><\/a> <a href=\"https:\/\/da.bsa.edu.lv\/?page_id=2797\">Continue reading <span class=\"meta-nav\">&rarr;<\/span><\/a><\/p>\n","protected":false},"author":2,"featured_media":0,"parent":0,"menu_order":0,"comment_status":"closed","ping_status":"open","template":"","meta":{"footnotes":""},"class_list":["post-2797","page","type-page","status-publish","hentry"],"_links":{"self":[{"href":"https:\/\/da.bsa.edu.lv\/index.php?rest_route=\/wp\/v2\/pages\/2797","targetHints":{"allow":["GET"]}}],"collection":[{"href":"https:\/\/da.bsa.edu.lv\/index.php?rest_route=\/wp\/v2\/pages"}],"about":[{"href":"https:\/\/da.bsa.edu.lv\/index.php?rest_route=\/wp\/v2\/types\/page"}],"author":[{"embeddable":true,"href":"https:\/\/da.bsa.edu.lv\/index.php?rest_route=\/wp\/v2\/users\/2"}],"replies":[{"embeddable":true,"href":"https:\/\/da.bsa.edu.lv\/index.php?rest_route=%2Fwp%2Fv2%2Fcomments&post=2797"}],"version-history":[{"count":29,"href":"https:\/\/da.bsa.edu.lv\/index.php?rest_route=\/wp\/v2\/pages\/2797\/revisions"}],"predecessor-version":[{"id":5482,"href":"https:\/\/da.bsa.edu.lv\/index.php?rest_route=\/wp\/v2\/pages\/2797\/revisions\/5482"}],"wp:attachment":[{"href":"https:\/\/da.bsa.edu.lv\/index.php?rest_route=%2Fwp%2Fv2%2Fmedia&parent=2797"}],"curies":[{"name":"wp","href":"https:\/\/api.w.org\/{rel}","templated":true}]}}