{"id":173,"date":"2011-02-11T17:46:48","date_gmt":"2011-02-11T15:46:48","guid":{"rendered":"http:\/\/da.bsa.edu.lv\/?page_id=173"},"modified":"2011-02-11T17:46:48","modified_gmt":"2011-02-11T15:46:48","slug":"%d1%81%d1%82%d1%83%d0%b4%d0%b5%d0%bd%d1%82%d0%b0%d0%bc","status":"publish","type":"page","link":"https:\/\/da.bsa.edu.lv\/?page_id=173","title":{"rendered":"Studentiem"},"content":{"rendered":"<ul><li><a href=\"https:\/\/da.bsa.edu.lv\/?page_id=295\">M\u0101c\u012bbu saraksts<\/a><\/li>\n<li><a href=\"https:\/\/da.bsa.edu.lv\/?page_id=1421\">Metodis\u0137ie materi\u0101li<\/a><\/li>\n<li><a href=\"https:\/\/da.bsa.edu.lv\/?page_id=178\">M\u0101c\u012bbu materi\u0101li<\/a><\/li>\n<\/ul>\n","protected":false},"excerpt":{"rendered":"<p> <a href=\"https:\/\/da.bsa.edu.lv\/?page_id=173\">Continue reading <span class=\"meta-nav\">&rarr;<\/span><\/a><\/p>\n","protected":false},"author":2,"featured_media":0,"parent":0,"menu_order":5,"comment_status":"closed","ping_status":"open","template":"onecolumn-page.php","meta":{"footnotes":""},"class_list":["post-173","page","type-page","status-publish","hentry"],"_links":{"self":[{"href":"https:\/\/da.bsa.edu.lv\/index.php?rest_route=\/wp\/v2\/pages\/173","targetHints":{"allow":["GET"]}}],"collection":[{"href":"https:\/\/da.bsa.edu.lv\/index.php?rest_route=\/wp\/v2\/pages"}],"about":[{"href":"https:\/\/da.bsa.edu.lv\/index.php?rest_route=\/wp\/v2\/types\/page"}],"author":[{"embeddable":true,"href":"https:\/\/da.bsa.edu.lv\/index.php?rest_route=\/wp\/v2\/users\/2"}],"replies":[{"embeddable":true,"href":"https:\/\/da.bsa.edu.lv\/index.php?rest_route=%2Fwp%2Fv2%2Fcomments&post=173"}],"version-history":[{"count":1,"href":"https:\/\/da.bsa.edu.lv\/index.php?rest_route=\/wp\/v2\/pages\/173\/revisions"}],"predecessor-version":[{"id":5066,"href":"https:\/\/da.bsa.edu.lv\/index.php?rest_route=\/wp\/v2\/pages\/173\/revisions\/5066"}],"wp:attachment":[{"href":"https:\/\/da.bsa.edu.lv\/index.php?rest_route=%2Fwp%2Fv2%2Fmedia&parent=173"}],"curies":[{"name":"wp","href":"https:\/\/api.w.org\/{rel}","templated":true}]}}