{"id":1683,"date":"2012-02-17T14:11:53","date_gmt":"2012-02-17T12:11:53","guid":{"rendered":"http:\/\/da.bsa.edu.lv\/?page_id=1683"},"modified":"2025-02-03T11:54:02","modified_gmt":"2025-02-03T11:54:02","slug":"%d0%b3%d1%80%d0%b0%d1%84%d0%b8%d0%ba-%d1%80%d0%b0%d0%b1%d0%be%d1%82%d1%8b","status":"publish","type":"page","link":"https:\/\/da.bsa.edu.lv\/?page_id=1683","title":{"rendered":"Darba laiks"},"content":{"rendered":"<p><!--:lv--><\/p>\n<table border=\"0\" width=\"100%\">\n<tbody>\n<tr>\n<td>Daugavpils fili\u0101les BSA bibliot\u0113kas lietot\u0101ju apkalpo\u0161anas grafiks:<\/td>\n<\/tr>\n<tr>\n<td>Tre\u0161diena &#8211; <span data-olk-copy-source=\"MessageBody\">sl\u0113gt\u0101 re\u017e\u012bm\u0101;<\/span><br \/>\nPiektdiena &#8211; 10.00 \u2013 17.00;<br \/>\nSestdiena &#8211; p\u0113c iepriek\u0161.pierakst\u012b\u0161anas.<\/td>\n<\/tr>\n<tr>\n<td>Br\u012bvlaikos un pirmssv\u0113tku dien\u0101s bibliot\u0113kas darba laiks var main\u012bties.<br \/>\nUzzi\u0146as pa t\u0101lr. <span data-olk-copy-source=\"MessageBody\">65444236<\/span>.<br \/>\ne-mail: biblioteka@da.bsa.edu.lv<\/td>\n<\/tr>\n<\/tbody>\n<\/table>\n","protected":false},"excerpt":{"rendered":"<p>Daugavpils fili\u0101les BSA bibliot\u0113kas lietot\u0101ju apkalpo\u0161anas grafiks: Tre\u0161diena &#8211; sl\u0113gt\u0101 re\u017e\u012bm\u0101; Piektdiena &#8211; 10.00 \u2013 17.00; Sestdiena &#8211; p\u0113c iepriek\u0161.pierakst\u012b\u0161anas. Br\u012bvlaikos un pirmssv\u0113tku dien\u0101s bibliot\u0113kas darba laiks var main\u012bties. Uzzi\u0146as pa t\u0101lr. 65444236. e-mail: biblioteka@da.bsa.edu.lv <a href=\"https:\/\/da.bsa.edu.lv\/?page_id=1683\">Continue reading <span class=\"meta-nav\">&rarr;<\/span><\/a><\/p>\n","protected":false},"author":2,"featured_media":0,"parent":1257,"menu_order":0,"comment_status":"closed","ping_status":"open","template":"","meta":{"footnotes":""},"class_list":["post-1683","page","type-page","status-publish","hentry"],"_links":{"self":[{"href":"https:\/\/da.bsa.edu.lv\/index.php?rest_route=\/wp\/v2\/pages\/1683","targetHints":{"allow":["GET"]}}],"collection":[{"href":"https:\/\/da.bsa.edu.lv\/index.php?rest_route=\/wp\/v2\/pages"}],"about":[{"href":"https:\/\/da.bsa.edu.lv\/index.php?rest_route=\/wp\/v2\/types\/page"}],"author":[{"embeddable":true,"href":"https:\/\/da.bsa.edu.lv\/index.php?rest_route=\/wp\/v2\/users\/2"}],"replies":[{"embeddable":true,"href":"https:\/\/da.bsa.edu.lv\/index.php?rest_route=%2Fwp%2Fv2%2Fcomments&post=1683"}],"version-history":[{"count":3,"href":"https:\/\/da.bsa.edu.lv\/index.php?rest_route=\/wp\/v2\/pages\/1683\/revisions"}],"predecessor-version":[{"id":5444,"href":"https:\/\/da.bsa.edu.lv\/index.php?rest_route=\/wp\/v2\/pages\/1683\/revisions\/5444"}],"up":[{"embeddable":true,"href":"https:\/\/da.bsa.edu.lv\/index.php?rest_route=\/wp\/v2\/pages\/1257"}],"wp:attachment":[{"href":"https:\/\/da.bsa.edu.lv\/index.php?rest_route=%2Fwp%2Fv2%2Fmedia&parent=1683"}],"curies":[{"name":"wp","href":"https:\/\/api.w.org\/{rel}","templated":true}]}}