{"id":1421,"date":"2011-11-22T17:27:50","date_gmt":"2011-11-22T15:27:50","guid":{"rendered":"http:\/\/da.bsa.edu.lv\/?page_id=1421"},"modified":"2022-04-23T06:29:52","modified_gmt":"2022-04-23T06:29:52","slug":"%d0%bc%d0%b5%d1%82%d0%be%d0%b4%d0%b8%d1%87%d0%b5%d1%81%d0%ba%d0%b8%d0%b5-%d0%bc%d0%b0%d1%82%d0%b5%d1%80%d0%b8%d0%b0%d0%bb%d1%8b","status":"publish","type":"page","link":"https:\/\/da.bsa.edu.lv\/?page_id=1421","title":{"rendered":"Metodis\u0137ie materi\u0101li"},"content":{"rendered":"<p><a href=\"https:\/\/da.bsa.edu.lv\/uploads\/BSA-nolikums-kursa-darbi.docx\">NOLIKUMS PAR KURSA DARBU IZSTR\u0100D\u0100\u0160ANU UN AIZST\u0100V\u0112\u0160ANU BALTIJAS STARPTAUTISK\u0100 AKAD\u0112MIJ\u0100<\/a><\/p>\n<p><a href=\"https:\/\/da.bsa.edu.lv\/uploads\/BSA-DS-DD-interjera-projektesana-KD-2018-2019-1.doc\">Interjera projekt\u0113\u0161ana Dizaina skolas 2. l\u012bme\u0146a profesion\u0101l\u0101s augst\u0101kas izgl\u012bt\u012bbas studiju programma Digit\u0101las vizualiz\u0101cijas dizains (Datordizains);<\/a><\/p>\n<p><a href=\"https:\/\/da.bsa.edu.lv\/uploads\/BSA-DS-DD-prakses-nolikums-praksu-metodiskie-noradijumi-2018-2019-1-reduced.pdf\">Dizaina skolas 2. l\u012bme\u0146a profesion\u0101l\u0101s augst\u0101k\u0101s izgl\u012bt\u012bbas studiju programma Datordizains PRAKSES METODISKIE NOR\u0100D\u012aJUMI<\/a><\/p>\n<p><a href=\"https:\/\/da.bsa.edu.lv\/uploads\/BSA-DS-DD-reklamas-dizains-KD-2018-2019-1.doc\">Reklamas dizains Dizaina skola 2. l\u012bme\u0146a profesion\u0101l\u0101s augst\u0101kas izgl\u012bt\u012bbas studiju programma Digit\u0101las vizualiz\u0101cijas dizains (Datordizains); <\/a><\/p>\n<p><a href=\"https:\/\/da.bsa.edu.lv\/uploads\/BSA-DS-DDDiplomdarba-nolikums-2018-2019-11.doc\">Dizaina skola 2. l\u012bme\u0146a profesion\u0101l\u0101s augst\u0101kas izgl\u012bt\u012bbas studiju programma Digit\u0101las vizualiz\u0101cijas dizains (Datordizains) Diplomdarba (Dd) NOLIKUMS<\/a><\/p>\n<p><a href=\"https:\/\/da.bsa.edu.lv\/uploads\/BSA-DS-Studiju-darba-nolikums-2018-2019-1-reduced.pdf\">Dizaina skolas 1. un 2. l\u012bme\u0146a profesion\u0101l\u0101s augst\u0101k\u0101s izgl\u012bt\u012bbas studiju programmu<br \/>\nVides dizains (VD), Digit\u0101las vizauliz\u0101cijas dizains (DD, Datordizains), Dizains (DMa) STUDIJU DARBA\/PROJEKTA NOLIKUMS<\/a><!--:--><!--:ru--><\/p>\n<p><a href=\"https:\/\/da.bsa.edu.lv\/uploads\/BSA-nolikums-kursa-darbi.docx\">NOLIKUMS PAR KURSA DARBU IZSTR\u0100D\u0100\u0160ANU UN AIZST\u0100V\u0112\u0160ANU BALTIJAS STARPTAUTISK\u0100 AKAD\u0112MIJ\u0100<\/a><\/p>\n<p><a href=\"https:\/\/da.bsa.edu.lv\/uploads\/BSA-DS-DD-interjera-projektesana-KD-2018-2019-1.doc\">Interjera projekt\u0113\u0161ana Dizaina skolas 2. l\u012bme\u0146a profesion\u0101l\u0101s augst\u0101kas izgl\u012bt\u012bbas studiju programma Digit\u0101las vizualiz\u0101cijas dizains (Datordizains);<\/a><\/p>\n<p><a href=\"https:\/\/da.bsa.edu.lv\/uploads\/BSA-DS-DD-prakses-nolikums-praksu-metodiskie-noradijumi-2018-2019-1-reduced.pdf\">Dizaina skolas 2. l\u012bme\u0146a profesion\u0101l\u0101s augst\u0101k\u0101s izgl\u012bt\u012bbas studiju programma Datordizains PRAKSES METODISKIE NOR\u0100D\u012aJUMI<\/a><\/p>\n<p><a href=\"https:\/\/da.bsa.edu.lv\/uploads\/BSA-DS-DD-reklamas-dizains-KD-2018-2019-1.doc\">Reklamas dizains Dizaina skola 2. l\u012bme\u0146a profesion\u0101l\u0101s augst\u0101kas izgl\u012bt\u012bbas studiju programma Digit\u0101las vizualiz\u0101cijas dizains (Datordizains); <\/a><\/p>\n<p><a href=\"https:\/\/da.bsa.edu.lv\/uploads\/BSA-DS-DDDiplomdarba-nolikums-2018-2019-11.doc\">Dizaina skola 2. l\u012bme\u0146a profesion\u0101l\u0101s augst\u0101kas izgl\u012bt\u012bbas studiju programma Digit\u0101las vizualiz\u0101cijas dizains (Datordizains) Diplomdarba (Dd) NOLIKUMS<\/a><\/p>\n<p><a href=\"https:\/\/da.bsa.edu.lv\/uploads\/BSA-DS-Studiju-darba-nolikums-2018-2019-1-reduced.pdf\">Dizaina skolas 1. un 2. l\u012bme\u0146a profesion\u0101l\u0101s augst\u0101k\u0101s izgl\u012bt\u012bbas studiju programmu<br \/>\nVides dizains (VD), Digit\u0101las vizauliz\u0101cijas dizains (DD, Datordizains), Dizains (DMa) STUDIJU DARBA\/PROJEKTA NOLIKUMS<\/a><\/p>\n","protected":false},"excerpt":{"rendered":"<p>NOLIKUMS PAR KURSA DARBU IZSTR\u0100D\u0100\u0160ANU UN AIZST\u0100V\u0112\u0160ANU BALTIJAS STARPTAUTISK\u0100 AKAD\u0112MIJ\u0100 Interjera projekt\u0113\u0161ana Dizaina skolas 2. l\u012bme\u0146a profesion\u0101l\u0101s augst\u0101kas izgl\u012bt\u012bbas studiju programma Digit\u0101las vizualiz\u0101cijas dizains (Datordizains); Dizaina skolas 2. l\u012bme\u0146a profesion\u0101l\u0101s augst\u0101k\u0101s izgl\u012bt\u012bbas studiju programma Datordizains PRAKSES METODISKIE NOR\u0100D\u012aJUMI Reklamas dizains &hellip; <a href=\"https:\/\/da.bsa.edu.lv\/?page_id=1421\">Continue reading <span class=\"meta-nav\">&rarr;<\/span><\/a> <a href=\"https:\/\/da.bsa.edu.lv\/?page_id=1421\">Continue reading <span class=\"meta-nav\">&rarr;<\/span><\/a><\/p>\n","protected":false},"author":2,"featured_media":0,"parent":173,"menu_order":0,"comment_status":"closed","ping_status":"open","template":"","meta":{"footnotes":""},"class_list":["post-1421","page","type-page","status-publish","hentry"],"_links":{"self":[{"href":"https:\/\/da.bsa.edu.lv\/index.php?rest_route=\/wp\/v2\/pages\/1421","targetHints":{"allow":["GET"]}}],"collection":[{"href":"https:\/\/da.bsa.edu.lv\/index.php?rest_route=\/wp\/v2\/pages"}],"about":[{"href":"https:\/\/da.bsa.edu.lv\/index.php?rest_route=\/wp\/v2\/types\/page"}],"author":[{"embeddable":true,"href":"https:\/\/da.bsa.edu.lv\/index.php?rest_route=\/wp\/v2\/users\/2"}],"replies":[{"embeddable":true,"href":"https:\/\/da.bsa.edu.lv\/index.php?rest_route=%2Fwp%2Fv2%2Fcomments&post=1421"}],"version-history":[{"count":2,"href":"https:\/\/da.bsa.edu.lv\/index.php?rest_route=\/wp\/v2\/pages\/1421\/revisions"}],"predecessor-version":[{"id":5063,"href":"https:\/\/da.bsa.edu.lv\/index.php?rest_route=\/wp\/v2\/pages\/1421\/revisions\/5063"}],"up":[{"embeddable":true,"href":"https:\/\/da.bsa.edu.lv\/index.php?rest_route=\/wp\/v2\/pages\/173"}],"wp:attachment":[{"href":"https:\/\/da.bsa.edu.lv\/index.php?rest_route=%2Fwp%2Fv2%2Fmedia&parent=1421"}],"curies":[{"name":"wp","href":"https:\/\/api.w.org\/{rel}","templated":true}]}}