{"id":1257,"date":"2011-11-19T07:10:09","date_gmt":"2011-11-19T05:10:09","guid":{"rendered":"http:\/\/da.bsa.edu.lv\/?page_id=1257"},"modified":"2025-01-13T03:52:09","modified_gmt":"2025-01-13T03:52:09","slug":"%d0%b1%d0%b8%d0%b1%d0%bb%d0%b8%d0%be%d1%82%d0%b5%d0%ba%d0%b0","status":"publish","type":"page","link":"https:\/\/da.bsa.edu.lv\/?page_id=1257","title":{"rendered":"Bibliot\u0113ka"},"content":{"rendered":"<p><!--:lv--><\/p>\n<p>BSA bibliot\u0113ka ir Latvijas akad\u0113misko bibliot\u0113ku asoci\u0101cijas locekle (LATABA), Juridisko bibliot\u0113ku konsorcija locekle.<\/p>\n<ul>\n<li><a title=\"Elektroniskais katalogs\" href=\"https:\/\/biblio2.bsa.edu.lv\/default_lv.html\">Elektroniskais katalogs<\/a><\/li>\n<li><a title=\"Abon\u0113t\u0101s datu b\u0101zes\" href=\"https:\/\/bsa.edu.lv\/index.php\/lv\/abonetas-datu-bazes.html\">Abon\u0113t\u0101s datu b\u0101zes<\/a><\/li>\n<li><a title=\"Interneta resursi\" href=\"https:\/\/bsa.edu.lv\/index.php\/lv\/interneta-resursi.html\">Interneta resursi<\/a><\/li>\n<\/ul>\n<p><ul><li><a href=\"https:\/\/da.bsa.edu.lv\/?page_id=1683\">Darba laiks<\/a><\/li>\n<\/ul><!--:--><!--:ru--><\/p>\n","protected":false},"excerpt":{"rendered":"<p>BSA bibliot\u0113ka ir Latvijas akad\u0113misko bibliot\u0113ku asoci\u0101cijas locekle (LATABA), Juridisko bibliot\u0113ku konsorcija locekle. Elektroniskais katalogs Abon\u0113t\u0101s datu b\u0101zes Interneta resursi <a href=\"https:\/\/da.bsa.edu.lv\/?page_id=1257\">Continue reading <span class=\"meta-nav\">&rarr;<\/span><\/a><\/p>\n","protected":false},"author":2,"featured_media":0,"parent":236,"menu_order":0,"comment_status":"closed","ping_status":"open","template":"onecolumn-page.php","meta":{"footnotes":""},"class_list":["post-1257","page","type-page","status-publish","hentry"],"_links":{"self":[{"href":"https:\/\/da.bsa.edu.lv\/index.php?rest_route=\/wp\/v2\/pages\/1257","targetHints":{"allow":["GET"]}}],"collection":[{"href":"https:\/\/da.bsa.edu.lv\/index.php?rest_route=\/wp\/v2\/pages"}],"about":[{"href":"https:\/\/da.bsa.edu.lv\/index.php?rest_route=\/wp\/v2\/types\/page"}],"author":[{"embeddable":true,"href":"https:\/\/da.bsa.edu.lv\/index.php?rest_route=\/wp\/v2\/users\/2"}],"replies":[{"embeddable":true,"href":"https:\/\/da.bsa.edu.lv\/index.php?rest_route=%2Fwp%2Fv2%2Fcomments&post=1257"}],"version-history":[{"count":8,"href":"https:\/\/da.bsa.edu.lv\/index.php?rest_route=\/wp\/v2\/pages\/1257\/revisions"}],"predecessor-version":[{"id":5437,"href":"https:\/\/da.bsa.edu.lv\/index.php?rest_route=\/wp\/v2\/pages\/1257\/revisions\/5437"}],"up":[{"embeddable":true,"href":"https:\/\/da.bsa.edu.lv\/index.php?rest_route=\/wp\/v2\/pages\/236"}],"wp:attachment":[{"href":"https:\/\/da.bsa.edu.lv\/index.php?rest_route=%2Fwp%2Fv2%2Fmedia&parent=1257"}],"curies":[{"name":"wp","href":"https:\/\/api.w.org\/{rel}","templated":true}]}}